{"id":81,"date":"2026-01-28T13:35:25","date_gmt":"2026-01-28T13:35:25","guid":{"rendered":"https:\/\/kasvunsiltavalmennus.fi\/?page_id=81"},"modified":"2026-02-12T06:47:35","modified_gmt":"2026-02-12T06:47:35","slug":"kauneuspalvelut","status":"publish","type":"page","link":"https:\/\/kasvunsiltavalmennus.fi\/?page_id=81","title":{"rendered":"KAUNEUSPALVELUT"},"content":{"rendered":"\n<div class=\"wp-block-group alignfull has-global-padding is-layout-constrained wp-container-core-group-is-layout-0c9c989a wp-block-group-is-layout-constrained\" style=\"min-height:0vh;margin-top:0;margin-bottom:0;padding-top:var(--wp--preset--spacing--70);padding-right:var(--wp--preset--spacing--40);padding-bottom:var(--wp--preset--spacing--70);padding-left:var(--wp--preset--spacing--40)\">\n<div class=\"wp-block-group has-global-padding is-layout-constrained wp-container-core-group-is-layout-346627ba wp-block-group-is-layout-constrained\">\n<h2 class=\"wp-block-heading has-text-align-center has-xx-large-font-size\" style=\"margin-right:0;margin-left:0;padding-right:0;padding-left:0\"><strong>Haluatko korostaa omaa luonnollista kauneuttasi huolettomasti ja tyylikk\u00e4\u00e4sti?<\/strong><\/h2>\n\n\n\n<p class=\"has-text-align-center\"><\/p>\n\n\n\n<p class=\"has-text-align-center\">Kauneuspalveluissani keskityn huolelliseen, rauhalliseen ja tarkkaan ty\u00f6skentelyyn \u2013 saat hetken pys\u00e4hty\u00e4 ja samalla viimeistellyn lopputuloksen, joka tuntuu omalta.<\/p>\n\n\n\n<p class=\"has-text-align-center is-style-default has-large-font-size\">Erityisi\u00e4 suosikkejani ovat&nbsp;Korean Lash Lift,&nbsp;Korean Brow Lift&nbsp;sek\u00e4&nbsp;<strong>sokerointi<\/strong>. N\u00e4iss\u00e4 hoidoissa yhdistyv\u00e4t siisti, luonnollinen lopputulos ja huoliteltu kokonaisilme ilman raskasta meikki\u00e4 arjessa.<\/p>\n\n\n\n<p class=\"has-text-align-center\"><strong>Tervetuloa asiakkaakseni \u2013 luodaan yhdess\u00e4 kaunis, huoliteltu ja itsevarma olo.<\/strong><\/p>\n\n\n\n<p class=\"has-text-align-center\">Korean Lash lift <br>Korean Brow Lift<\/p>\n\n\n\n<p class=\"has-text-align-center\">Hemmoteluhoidot<\/p>\n\n\n\n<p class=\"has-text-align-center\"><br>Kulmien ja ripsien kestov\u00e4rj\u00e4ys<br>Kulmien muotoilu<\/p>\n\n\n\n<p class=\"has-text-align-center\"><br>Sokerointi<\/p>\n\n\n\n<p class=\"has-text-align-center\"><\/p>\n\n\n\n<p class=\"has-text-align-center\">Tulossa huhtikuussa geelilakkaus!<\/p>\n\n\n\n<p class=\"has-text-align-center\">Muista palveluista tietoa my\u00f6hemmin.<\/p>\n\n\n\n<p class=\"has-text-align-center\">Paikka: Est\u00e9a, Asemakatu 4, Lapua<\/p>\n\n\n\n<div class=\"wp-block-buttons is-content-justification-center is-layout-flex wp-container-core-buttons-is-layout-a89b3969 wp-block-buttons-is-layout-flex\"><\/div>\n<\/div>\n<\/div>\n\n\n\n<div class=\"wp-block-group alignfull is-style-section-1 has-global-padding is-layout-constrained wp-block-group-is-layout-constrained is-style-section-1--1\" style=\"margin-top:0;margin-bottom:0;padding-top:var(--wp--preset--spacing--80);padding-bottom:var(--wp--preset--spacing--80)\">\n<div class=\"wp-block-columns alignwide is-layout-flex wp-container-core-columns-is-layout-66fad18a wp-block-columns-is-layout-flex\">\n<div class=\"wp-block-column is-layout-flow wp-block-column-is-layout-flow\" style=\"padding-right:var(--wp--preset--spacing--50);flex-basis:45%\">\n<figure class=\"wp-block-image size-full\"><img loading=\"lazy\" decoding=\"async\" width=\"1186\" height=\"1600\" src=\"https:\/\/kasvunsiltavalmennus.fi\/wp-content\/uploads\/2026\/01\/97666175-2b41-4ea5-8463-89d271a7060d.jpeg\" alt=\"\" class=\"wp-image-91\" srcset=\"https:\/\/kasvunsiltavalmennus.fi\/wp-content\/uploads\/2026\/01\/97666175-2b41-4ea5-8463-89d271a7060d.jpeg 1186w, https:\/\/kasvunsiltavalmennus.fi\/wp-content\/uploads\/2026\/01\/97666175-2b41-4ea5-8463-89d271a7060d-222x300.jpeg 222w, https:\/\/kasvunsiltavalmennus.fi\/wp-content\/uploads\/2026\/01\/97666175-2b41-4ea5-8463-89d271a7060d-759x1024.jpeg 759w, https:\/\/kasvunsiltavalmennus.fi\/wp-content\/uploads\/2026\/01\/97666175-2b41-4ea5-8463-89d271a7060d-768x1036.jpeg 768w, https:\/\/kasvunsiltavalmennus.fi\/wp-content\/uploads\/2026\/01\/97666175-2b41-4ea5-8463-89d271a7060d-1139x1536.jpeg 1139w\" sizes=\"auto, (max-width: 1186px) 100vw, 1186px\" \/><\/figure>\n\n\n\n<div class=\"wp-block-group has-global-padding is-layout-constrained wp-block-group-is-layout-constrained\" style=\"margin-top:-12vw\">\n<figure class=\"wp-block-image alignright size-full is-resized\" style=\"margin-right:-5vw;margin-left:-5vw\"><img loading=\"lazy\" decoding=\"async\" width=\"1068\" height=\"1600\" src=\"https:\/\/kasvunsiltavalmennus.fi\/wp-content\/uploads\/2026\/01\/a64b207a-3b10-4a20-9014-a9d8905bb124.jpeg\" alt=\"\" class=\"wp-image-92\" style=\"width:202px\" srcset=\"https:\/\/kasvunsiltavalmennus.fi\/wp-content\/uploads\/2026\/01\/a64b207a-3b10-4a20-9014-a9d8905bb124.jpeg 1068w, https:\/\/kasvunsiltavalmennus.fi\/wp-content\/uploads\/2026\/01\/a64b207a-3b10-4a20-9014-a9d8905bb124-200x300.jpeg 200w, https:\/\/kasvunsiltavalmennus.fi\/wp-content\/uploads\/2026\/01\/a64b207a-3b10-4a20-9014-a9d8905bb124-684x1024.jpeg 684w, https:\/\/kasvunsiltavalmennus.fi\/wp-content\/uploads\/2026\/01\/a64b207a-3b10-4a20-9014-a9d8905bb124-768x1151.jpeg 768w, https:\/\/kasvunsiltavalmennus.fi\/wp-content\/uploads\/2026\/01\/a64b207a-3b10-4a20-9014-a9d8905bb124-1025x1536.jpeg 1025w\" sizes=\"auto, (max-width: 1068px) 100vw, 1068px\" \/><\/figure>\n<\/div>\n<\/div>\n\n\n\n<div class=\"wp-block-column is-vertically-aligned-center is-layout-flow wp-block-column-is-layout-flow\" style=\"padding-right:0;padding-left:0;flex-basis:50%\">\n<div class=\"wp-block-group is-vertical is-layout-flex wp-container-core-group-is-layout-fe9cc265 wp-block-group-is-layout-flex\">\n<h2 class=\"wp-block-heading is-style-text-annotation is-style-text-annotation--2\">MINUSTA<\/h2>\n<\/div>\n\n\n\n<p class=\"has-text-align-center is-style-text-subtitle has-large-font-size is-style-text-subtitle--3\">Olen kouluttautunut ripsien ja kulmien v\u00e4rj\u00e4ykseen ja muotoiluun, Korean Lash Lift- ja Korean Brow Lift -tekniikoihin sek\u00e4 hemmotteluhoitoihin. <\/p>\n\n\n\n<p class=\"has-text-align-center\">Kehit\u00e4n osaamistani jatkuvasti ja kouluttaudun lis\u00e4\u00e4 tulevan kev\u00e4\u00e4n aikana, jotta voin tarjota sinulle laadukasta ja ajanmukaista palvelua.<\/p>\n\n\n\n<p class=\"has-text-align-center\">Minulle on t\u00e4rke\u00e4\u00e4, ett\u00e4 tunnet olosi turvalliseksi ja rennoksi hoidon aikana. Jokainen asiakas kohdataan yksil\u00f6llisesti \u2013 kuuntelen toiveesi ja toteutan ty\u00f6n huolellisesti, sinun piirteit\u00e4si kunnioittaen.<\/p>\n\n\n\n<p class=\"is-style-text-subtitle has-large-font-size is-style-text-subtitle--4\"><\/p>\n\n\n\n<p class=\"is-style-text-subtitle has-large-font-size is-style-text-subtitle--5\"><br><\/p>\n<\/div>\n<\/div>\n<\/div>\n\n\n\n<div class=\"wp-block-group alignfull has-global-padding is-layout-constrained wp-container-core-group-is-layout-ebee8dc1 wp-block-group-is-layout-constrained\" style=\"margin-top:0;margin-bottom:0;padding-top:var(--wp--preset--spacing--50);padding-bottom:var(--wp--preset--spacing--50)\">\n<h2 class=\"wp-block-heading alignwide\">Kauneudenhoito palvelut<\/h2>\n\n\n\n<div class=\"wp-block-columns alignwide is-layout-flex wp-container-core-columns-is-layout-28f84493 wp-block-columns-is-layout-flex\">\n<div class=\"wp-block-column is-layout-flow wp-block-column-is-layout-flow\">\n<figure class=\"wp-block-image size-full\" style=\"margin-bottom:24px\"><img loading=\"lazy\" decoding=\"async\" width=\"1080\" height=\"1350\" src=\"https:\/\/kasvunsiltavalmennus.fi\/wp-content\/uploads\/2026\/01\/Kauneuspalvelut-3.jpg\" alt=\"\" class=\"wp-image-87\" style=\"aspect-ratio:4\/3;object-fit:cover\" srcset=\"https:\/\/kasvunsiltavalmennus.fi\/wp-content\/uploads\/2026\/01\/Kauneuspalvelut-3.jpg 1080w, https:\/\/kasvunsiltavalmennus.fi\/wp-content\/uploads\/2026\/01\/Kauneuspalvelut-3-240x300.jpg 240w, https:\/\/kasvunsiltavalmennus.fi\/wp-content\/uploads\/2026\/01\/Kauneuspalvelut-3-819x1024.jpg 819w, https:\/\/kasvunsiltavalmennus.fi\/wp-content\/uploads\/2026\/01\/Kauneuspalvelut-3-768x960.jpg 768w\" sizes=\"auto, (max-width: 1080px) 100vw, 1080px\" \/><\/figure>\n\n\n\n<h3 class=\"wp-block-heading\">Korean Brow Lift<\/h3>\n\n\n\n<p class=\"has-medium-font-size\">Kulmien laminointi kest\u00e4\u00e4 n. 6-8 viikkoa. Helpottaa arkea ja korostaa omia upeita kulmiasi.<\/p>\n\n\n\n<p>Ajanvaraus: <a href=\"http:\/\/booksalon.fi\/estea\" data-type=\"link\" data-id=\"booksalon.fi\/estea\">booksalon.fi\/estea<\/a><\/p>\n<\/div>\n\n\n\n<div class=\"wp-block-column is-layout-flow wp-block-column-is-layout-flow\">\n<figure class=\"wp-block-image size-full\" style=\"margin-bottom:24px\"><img loading=\"lazy\" decoding=\"async\" width=\"1080\" height=\"1350\" src=\"https:\/\/kasvunsiltavalmennus.fi\/wp-content\/uploads\/2026\/01\/Kauneuspalvelut-2.jpg\" alt=\"\" class=\"wp-image-86\" style=\"aspect-ratio:4\/3;object-fit:cover\" srcset=\"https:\/\/kasvunsiltavalmennus.fi\/wp-content\/uploads\/2026\/01\/Kauneuspalvelut-2.jpg 1080w, https:\/\/kasvunsiltavalmennus.fi\/wp-content\/uploads\/2026\/01\/Kauneuspalvelut-2-240x300.jpg 240w, https:\/\/kasvunsiltavalmennus.fi\/wp-content\/uploads\/2026\/01\/Kauneuspalvelut-2-819x1024.jpg 819w, https:\/\/kasvunsiltavalmennus.fi\/wp-content\/uploads\/2026\/01\/Kauneuspalvelut-2-768x960.jpg 768w\" sizes=\"auto, (max-width: 1080px) 100vw, 1080px\" \/><\/figure>\n\n\n\n<h3 class=\"wp-block-heading\">Korean Las Lift<\/h3>\n\n\n\n<p class=\"has-medium-font-size\">Ripsien kestotaivutus kest\u00e4\u00e4 n. 6-8 viikkoa. Helpottaa arkea ja korostaa omia upeita ripsi\u00e4.<\/p>\n\n\n\n<p>Ajanvaraus: <a href=\"http:\/\/booksalon.fi\/estea\" data-type=\"link\" data-id=\"booksalon.fi\/estea\">booksalon.fi\/estea<\/a><\/p>\n<\/div>\n\n\n\n<div class=\"wp-block-column is-layout-flow wp-block-column-is-layout-flow\">\n<figure class=\"wp-block-image size-full\" style=\"margin-bottom:24px\"><img loading=\"lazy\" decoding=\"async\" width=\"1080\" height=\"1350\" src=\"https:\/\/kasvunsiltavalmennus.fi\/wp-content\/uploads\/2026\/01\/Kauneuspalvelut-4.jpg\" alt=\"\" class=\"wp-image-88\" style=\"aspect-ratio:4\/3;object-fit:cover\" srcset=\"https:\/\/kasvunsiltavalmennus.fi\/wp-content\/uploads\/2026\/01\/Kauneuspalvelut-4.jpg 1080w, https:\/\/kasvunsiltavalmennus.fi\/wp-content\/uploads\/2026\/01\/Kauneuspalvelut-4-240x300.jpg 240w, https:\/\/kasvunsiltavalmennus.fi\/wp-content\/uploads\/2026\/01\/Kauneuspalvelut-4-819x1024.jpg 819w, https:\/\/kasvunsiltavalmennus.fi\/wp-content\/uploads\/2026\/01\/Kauneuspalvelut-4-768x960.jpg 768w\" sizes=\"auto, (max-width: 1080px) 100vw, 1080px\" \/><\/figure>\n\n\n\n<h3 class=\"wp-block-heading\">Ripsien ja kulmien v\u00e4rj\u00e4ys sek\u00e4 muotoilu<\/h3>\n\n\n\n<p class=\"has-medium-font-size\">Korostaa omia luonnollisia piirteit\u00e4 ja helpottaa arkea.<\/p>\n\n\n\n<p class=\"has-large-font-size\">Ajanvaraus: <a style=\"letter-spacing: normal; white-space: normal;\" href=\"http:\/\/booksalon.fi\/estea\" data-type=\"link\" data-id=\"booksalon.fi\/estea\">booksalon.fi\/estea<\/a><\/p>\n<\/div>\n<\/div>\n<\/div>\n\n\n\n<div class=\"wp-block-group alignfull has-global-padding is-layout-constrained wp-block-group-is-layout-constrained\" style=\"margin-top:0;margin-bottom:0;padding-top:var(--wp--preset--spacing--60);padding-bottom:var(--wp--preset--spacing--60)\">\n<div class=\"wp-block-columns alignwide is-layout-flex wp-container-core-columns-is-layout-74b2cda3 wp-block-columns-is-layout-flex\">\n<div class=\"wp-block-column is-layout-flow wp-block-column-is-layout-flow\">\n<div class=\"wp-block-group is-vertical is-content-justification-left is-layout-flex wp-container-core-group-is-layout-7ce391b6 wp-block-group-is-layout-flex\" style=\"min-height:100%\">\n<h2 class=\"wp-block-heading is-style-text-annotation has-x-small-font-size is-style-text-annotation--6\">ASIAKASPALAUTE<\/h2>\n\n\n\n<p class=\"has-medium-font-size\">&#8221;K\u00e4vin Petralla laittamassa ripset ja kulmat ja lopputulos oli juuri sellainen kuin toivoin. Tarkkaa ja huolellista ty\u00f6t\u00e4!&#8221; asiakas tammikuu 2026<\/p>\n\n\n\n<blockquote class=\"wp-block-quote is-layout-flow wp-block-quote-is-layout-flow\">\n<p class=\"has-medium-font-size\">&#8221;Ensi k\u00e4ynti Petralla. Olen super tyytyv\u00e4inen kulmien lopputulokseen, niiden v\u00e4riin ja muotoon. Luonnolliset kuten toive oli. Ripsiin saatin v\u00e4ri vaikka, oletukseni oli ett\u00e4 niihin ei v\u00e4ri ota kiinni. Petran ty\u00f6skentely oli luontevaa ja h\u00e4n kertoi hyvin mit\u00e4 tekee ja milloin tapahtuu mit\u00e4kin. Ehdoton ihanuus oli l\u00e4mmin vaha,  Suuri suositus&#8221;<\/p>\n\n\n\n<p class=\"has-medium-font-size\"><\/p>\n<\/blockquote>\n\n\n\n<blockquote class=\"wp-block-quote is-style-plain has-x-large-font-size is-layout-flow wp-container-core-quote-is-layout-5dafc681 wp-block-quote-is-layout-flow is-style-plain--7\" style=\"font-style:normal;font-weight:400\">\n<div class=\"wp-block-group has-global-padding is-content-justification-left is-layout-constrained wp-container-core-group-is-layout-085bd3d9 wp-block-group-is-layout-constrained\" style=\"margin-top:0;margin-bottom:0;padding-top:0;padding-right:0;padding-bottom:0;padding-left:0\">\n<p class=\"has-medium-font-size\">&#8221;K\u00e4vin ensimm\u00e4ist\u00e4 kertaa sokeroinnissa ja siit\u00e4 j\u00e4i kyll\u00e4 hyv\u00e4 kokemus. Tilanne oli rento ja minusta oli kiva, kun tiesin koko ajan mit\u00e4 tapahtuu. Menen ehdottomasti uudelleen!&#8221; asiakas sokerointi<\/p>\n<\/div>\n<cite><br><\/cite><\/blockquote>\n<\/div>\n<\/div>\n\n\n\n<div class=\"wp-block-column is-layout-flow wp-block-column-is-layout-flow\" style=\"padding-top:0;padding-right:0;padding-bottom:0;padding-left:0\">\n<figure class=\"wp-block-image size-large\"><img loading=\"lazy\" decoding=\"async\" width=\"819\" height=\"1024\" src=\"https:\/\/kasvunsiltavalmennus.fi\/wp-content\/uploads\/2026\/02\/Nettisivut-palvelut-kuvat-16-819x1024.jpg\" alt=\"\" class=\"wp-image-123\" style=\"aspect-ratio:1;object-fit:cover\" srcset=\"https:\/\/kasvunsiltavalmennus.fi\/wp-content\/uploads\/2026\/02\/Nettisivut-palvelut-kuvat-16-819x1024.jpg 819w, https:\/\/kasvunsiltavalmennus.fi\/wp-content\/uploads\/2026\/02\/Nettisivut-palvelut-kuvat-16-240x300.jpg 240w, https:\/\/kasvunsiltavalmennus.fi\/wp-content\/uploads\/2026\/02\/Nettisivut-palvelut-kuvat-16-768x960.jpg 768w, https:\/\/kasvunsiltavalmennus.fi\/wp-content\/uploads\/2026\/02\/Nettisivut-palvelut-kuvat-16.jpg 1080w\" sizes=\"auto, (max-width: 819px) 100vw, 819px\" \/><\/figure>\n<\/div>\n<\/div>\n<\/div>\n\n\n\n<p>Sosiaalinen media<\/p>\n\n\n\n<ul class=\"wp-block-social-links is-layout-flex wp-block-social-links-is-layout-flex\"><li class=\"wp-social-link wp-social-link-instagram  wp-block-social-link\"><a href=\"https:\/\/www.instagram.com\/kauneusbypetra\/\" class=\"wp-block-social-link-anchor\"><svg width=\"24\" height=\"24\" viewBox=\"0 0 24 24\" version=\"1.1\" xmlns=\"http:\/\/www.w3.org\/2000\/svg\" aria-hidden=\"true\" focusable=\"false\"><path d=\"M12,4.622c2.403,0,2.688,0.009,3.637,0.052c0.877,0.04,1.354,0.187,1.671,0.31c0.42,0.163,0.72,0.358,1.035,0.673 c0.315,0.315,0.51,0.615,0.673,1.035c0.123,0.317,0.27,0.794,0.31,1.671c0.043,0.949,0.052,1.234,0.052,3.637 s-0.009,2.688-0.052,3.637c-0.04,0.877-0.187,1.354-0.31,1.671c-0.163,0.42-0.358,0.72-0.673,1.035 c-0.315,0.315-0.615,0.51-1.035,0.673c-0.317,0.123-0.794,0.27-1.671,0.31c-0.949,0.043-1.233,0.052-3.637,0.052 s-2.688-0.009-3.637-0.052c-0.877-0.04-1.354-0.187-1.671-0.31c-0.42-0.163-0.72-0.358-1.035-0.673 c-0.315-0.315-0.51-0.615-0.673-1.035c-0.123-0.317-0.27-0.794-0.31-1.671C4.631,14.688,4.622,14.403,4.622,12 s0.009-2.688,0.052-3.637c0.04-0.877,0.187-1.354,0.31-1.671c0.163-0.42,0.358-0.72,0.673-1.035 c0.315-0.315,0.615-0.51,1.035-0.673c0.317-0.123,0.794-0.27,1.671-0.31C9.312,4.631,9.597,4.622,12,4.622 M12,3 C9.556,3,9.249,3.01,8.289,3.054C7.331,3.098,6.677,3.25,6.105,3.472C5.513,3.702,5.011,4.01,4.511,4.511 c-0.5,0.5-0.808,1.002-1.038,1.594C3.25,6.677,3.098,7.331,3.054,8.289C3.01,9.249,3,9.556,3,12c0,2.444,0.01,2.751,0.054,3.711 c0.044,0.958,0.196,1.612,0.418,2.185c0.23,0.592,0.538,1.094,1.038,1.594c0.5,0.5,1.002,0.808,1.594,1.038 c0.572,0.222,1.227,0.375,2.185,0.418C9.249,20.99,9.556,21,12,21s2.751-0.01,3.711-0.054c0.958-0.044,1.612-0.196,2.185-0.418 c0.592-0.23,1.094-0.538,1.594-1.038c0.5-0.5,0.808-1.002,1.038-1.594c0.222-0.572,0.375-1.227,0.418-2.185 C20.99,14.751,21,14.444,21,12s-0.01-2.751-0.054-3.711c-0.044-0.958-0.196-1.612-0.418-2.185c-0.23-0.592-0.538-1.094-1.038-1.594 c-0.5-0.5-1.002-0.808-1.594-1.038c-0.572-0.222-1.227-0.375-2.185-0.418C14.751,3.01,14.444,3,12,3L12,3z M12,7.378 c-2.552,0-4.622,2.069-4.622,4.622S9.448,16.622,12,16.622s4.622-2.069,4.622-4.622S14.552,7.378,12,7.378z M12,15 c-1.657,0-3-1.343-3-3s1.343-3,3-3s3,1.343,3,3S13.657,15,12,15z M16.804,6.116c-0.596,0-1.08,0.484-1.08,1.08 s0.484,1.08,1.08,1.08c0.596,0,1.08-0.484,1.08-1.08S17.401,6.116,16.804,6.116z\"><\/path><\/svg><span class=\"wp-block-social-link-label screen-reader-text\">Instagram<\/span><\/a><\/li><\/ul>\n\n\n\n<p><\/p>\n","protected":false},"excerpt":{"rendered":"<p>Haluatko korostaa omaa luonnollista kauneuttasi huolettomasti ja tyylikk\u00e4\u00e4sti? Kauneuspalveluissani keskityn huolelliseen, rauhalliseen ja tarkkaan ty\u00f6skentelyyn \u2013 saat hetken pys\u00e4hty\u00e4 ja samalla viimeistellyn lopputuloksen, joka tuntuu omalta. Erityisi\u00e4 suosikkejani ovat&nbsp;Korean Lash Lift,&nbsp;Korean Brow Lift&nbsp;sek\u00e4&nbsp;sokerointi. N\u00e4iss\u00e4 hoidoissa yhdistyv\u00e4t siisti, luonnollinen lopputulos ja huoliteltu kokonaisilme ilman raskasta meikki\u00e4 arjessa. Tervetuloa asiakkaakseni \u2013 luodaan yhdess\u00e4 kaunis, huoliteltu ja itsevarma [&hellip;]<\/p>\n","protected":false},"author":1,"featured_media":0,"parent":0,"menu_order":0,"comment_status":"closed","ping_status":"closed","template":"","meta":{"footnotes":""},"class_list":["post-81","page","type-page","status-publish","hentry"],"_links":{"self":[{"href":"https:\/\/kasvunsiltavalmennus.fi\/index.php?rest_route=\/wp\/v2\/pages\/81","targetHints":{"allow":["GET"]}}],"collection":[{"href":"https:\/\/kasvunsiltavalmennus.fi\/index.php?rest_route=\/wp\/v2\/pages"}],"about":[{"href":"https:\/\/kasvunsiltavalmennus.fi\/index.php?rest_route=\/wp\/v2\/types\/page"}],"author":[{"embeddable":true,"href":"https:\/\/kasvunsiltavalmennus.fi\/index.php?rest_route=\/wp\/v2\/users\/1"}],"replies":[{"embeddable":true,"href":"https:\/\/kasvunsiltavalmennus.fi\/index.php?rest_route=%2Fwp%2Fv2%2Fcomments&post=81"}],"version-history":[{"count":8,"href":"https:\/\/kasvunsiltavalmennus.fi\/index.php?rest_route=\/wp\/v2\/pages\/81\/revisions"}],"predecessor-version":[{"id":160,"href":"https:\/\/kasvunsiltavalmennus.fi\/index.php?rest_route=\/wp\/v2\/pages\/81\/revisions\/160"}],"wp:attachment":[{"href":"https:\/\/kasvunsiltavalmennus.fi\/index.php?rest_route=%2Fwp%2Fv2%2Fmedia&parent=81"}],"curies":[{"name":"wp","href":"https:\/\/api.w.org\/{rel}","templated":true}]}}