{"id":112,"date":"2026-02-03T09:46:46","date_gmt":"2026-02-03T09:46:46","guid":{"rendered":"https:\/\/kasvunsiltavalmennus.fi\/?page_id=112"},"modified":"2026-02-12T06:35:38","modified_gmt":"2026-02-12T06:35:38","slug":"ajankohtaista","status":"publish","type":"page","link":"https:\/\/kasvunsiltavalmennus.fi\/?page_id=112","title":{"rendered":"AJANKOHTAISTA"},"content":{"rendered":"\n<div class=\"wp-block-group alignfull is-style-section-1 has-global-padding is-layout-constrained wp-container-core-group-is-layout-cdf985e3 wp-block-group-is-layout-constrained is-style-section-1--1\" style=\"min-height:100vh;margin-top:0;margin-bottom:0;padding-top:var(--wp--preset--spacing--80);padding-right:var(--wp--preset--spacing--80);padding-bottom:var(--wp--preset--spacing--80);padding-left:var(--wp--preset--spacing--80)\">\n<div class=\"wp-block-columns alignwide are-vertically-aligned-center is-layout-flex wp-container-core-columns-is-layout-643ced6b wp-block-columns-is-layout-flex\">\n<div class=\"wp-block-column is-vertically-aligned-center is-layout-flow wp-block-column-is-layout-flow\">\n<figure class=\"wp-block-image aligncenter size-full has-custom-border\"><img loading=\"lazy\" decoding=\"async\" width=\"1080\" height=\"1350\" src=\"https:\/\/kasvunsiltavalmennus.fi\/wp-content\/uploads\/2026\/01\/Nettisivut-palvelut-kuvat.jpg\" alt=\"\" class=\"wp-image-11\" style=\"border-top-left-radius:150px;border-bottom-right-radius:150px;object-fit:cover\" srcset=\"https:\/\/kasvunsiltavalmennus.fi\/wp-content\/uploads\/2026\/01\/Nettisivut-palvelut-kuvat.jpg 1080w, https:\/\/kasvunsiltavalmennus.fi\/wp-content\/uploads\/2026\/01\/Nettisivut-palvelut-kuvat-240x300.jpg 240w, https:\/\/kasvunsiltavalmennus.fi\/wp-content\/uploads\/2026\/01\/Nettisivut-palvelut-kuvat-819x1024.jpg 819w, https:\/\/kasvunsiltavalmennus.fi\/wp-content\/uploads\/2026\/01\/Nettisivut-palvelut-kuvat-768x960.jpg 768w\" sizes=\"auto, (max-width: 1080px) 100vw, 1080px\" \/><\/figure>\n<\/div>\n\n\n\n<div class=\"wp-block-column is-vertically-aligned-center is-layout-flow wp-block-column-is-layout-flow\">\n<div class=\"wp-block-group is-vertical is-content-justification-stretch is-layout-flex wp-container-core-group-is-layout-353c4f5a wp-block-group-is-layout-flex\">\n<h2 class=\"wp-block-heading has-text-align-left\">HAKU P\u00c4\u00c4LL\u00c4!<\/h2>\n\n\n\n<p>L\u00e4hde mukaan testaamaan KASVUN JA HYVINVOINNIN VERKKOVALMENNUSTA!<\/p>\n\n\n\n<p>5 viikkoa<\/p>\n\n\n\n<p>5 teemaa<\/p>\n\n\n\n<p>10 k\u00e4yt\u00e4nn\u00f6nl\u00e4heist\u00e4 harjoitusta<\/p>\n\n\n\n<p>Testiryhm\u00e4 toteutetaan suljetussa Facebook-ryhm\u00e4ss\u00e4. <\/p>\n\n\n\n<p>Osallistujan ei tarvitse jakaa omia vastauksia muulle ryhm\u00e4lle Facebook-ryhm\u00e4ss\u00e4.<\/p>\n\n\n\n<p>Testi asiakkaan hinta 35\u20ac, joka tulee olla maksettuna 15.2.2026 menness\u00e4.<\/p>\n\n\n\n<p>Kohderyhm\u00e4: sosiaali- ja terveysalan opiskelijat ja ammattilaiset, muut asiantuntijaty\u00f6t\u00e4 tekev\u00e4t ihmiset.<\/p>\n\n\n\n<p>Ilmoittaudu mukaan t\u00e4st\u00e4:<\/p>\n\n\n\n<div class=\"wpcf7 no-js\" id=\"wpcf7-f117-o1\" lang=\"fi\" dir=\"ltr\" data-wpcf7-id=\"117\">\n<div class=\"screen-reader-response\"><p role=\"status\" aria-live=\"polite\" aria-atomic=\"true\"><\/p> <ul><\/ul><\/div>\n<form action=\"\/index.php?rest_route=%2Fwp%2Fv2%2Fpages%2F112#wpcf7-f117-o1\" method=\"post\" class=\"wpcf7-form init\" aria-label=\"Yhteydenottolomake\" novalidate=\"novalidate\" data-status=\"init\">\n<fieldset class=\"hidden-fields-container\"><input type=\"hidden\" name=\"_wpcf7\" value=\"117\" \/><input type=\"hidden\" name=\"_wpcf7_version\" value=\"6.1.5\" \/><input type=\"hidden\" name=\"_wpcf7_locale\" value=\"fi\" \/><input type=\"hidden\" name=\"_wpcf7_unit_tag\" value=\"wpcf7-f117-o1\" \/><input type=\"hidden\" name=\"_wpcf7_container_post\" value=\"0\" \/><input type=\"hidden\" name=\"_wpcf7_posted_data_hash\" value=\"\" \/>\n<\/fieldset>\n<p><label> Nimesi<br \/>\n<span class=\"wpcf7-form-control-wrap\" data-name=\"your-name\"><input size=\"40\" maxlength=\"400\" class=\"wpcf7-form-control wpcf7-text wpcf7-validates-as-required\" autocomplete=\"name\" aria-required=\"true\" aria-invalid=\"false\" value=\"\" type=\"text\" name=\"your-name\" \/><\/span> <\/label>\n<\/p>\n<p><span class=\"wpcf7-form-control-wrap\" data-name=\"select-246\"><select class=\"wpcf7-form-control wpcf7-select\" aria-invalid=\"false\" name=\"select-246\"><option value=\"Ilmoittautuminen verkkovalmennuksen testiryhm\u00e4\u00e4n\">Ilmoittautuminen verkkovalmennuksen testiryhm\u00e4\u00e4n<\/option><\/select><\/span>\n<\/p>\n<p><label> S\u00e4hk\u00f6postiosoitteesi<br \/>\n<span class=\"wpcf7-form-control-wrap\" data-name=\"your-email\"><input size=\"40\" maxlength=\"400\" class=\"wpcf7-form-control wpcf7-email wpcf7-validates-as-required wpcf7-text wpcf7-validates-as-email\" autocomplete=\"email\" aria-required=\"true\" aria-invalid=\"false\" value=\"\" type=\"email\" name=\"your-email\" \/><\/span> <\/label>\n<\/p>\n<p><label> Aihe<br \/>\n<span class=\"wpcf7-form-control-wrap\" data-name=\"your-subject\"><input size=\"40\" maxlength=\"400\" class=\"wpcf7-form-control wpcf7-text wpcf7-validates-as-required\" aria-required=\"true\" aria-invalid=\"false\" value=\"\" type=\"text\" name=\"your-subject\" \/><\/span> <\/label>\n<\/p>\n<p><label> Viestisi (valinnainen)<br \/>\n<span class=\"wpcf7-form-control-wrap\" data-name=\"your-message\"><textarea cols=\"40\" rows=\"10\" maxlength=\"2000\" class=\"wpcf7-form-control wpcf7-textarea\" aria-invalid=\"false\" name=\"your-message\"><\/textarea><\/span> <\/label>\n<\/p>\n<p><span class=\"wpcf7-form-control-wrap\" data-name=\"quiz-130\"><label><span class=\"wpcf7-quiz-label\">Milloin on Suomen itsen\u00e4isyysp\u00e4iv\u00e4?<\/span> <input size=\"40\" class=\"wpcf7-form-control wpcf7-quiz\" autocomplete=\"off\" aria-required=\"true\" aria-invalid=\"false\" type=\"text\" name=\"quiz-130\" \/><\/label><input type=\"hidden\" name=\"_wpcf7_quiz_answer_quiz-130\" value=\"f23a2585d8bccf04e9da70555abd0416\" \/><\/span>\n<\/p>\n<p><input class=\"wpcf7-form-control wpcf7-submit has-spinner\" type=\"submit\" value=\"L\u00e4het\u00e4\" \/>\n<\/p><div class=\"wpcf7-response-output\" aria-hidden=\"true\"><\/div>\n<\/form>\n<\/div>\n\n\n\n\n<ul class=\"wp-block-social-links has-icon-color is-style-logos-only is-layout-flex wp-block-social-links-is-layout-flex\"><\/ul>\n<\/div>\n<\/div>\n<\/div>\n<\/div>\n","protected":false},"excerpt":{"rendered":"<p>HAKU P\u00c4\u00c4LL\u00c4! L\u00e4hde mukaan testaamaan KASVUN JA HYVINVOINNIN VERKKOVALMENNUSTA! 5 viikkoa 5 teemaa 10 k\u00e4yt\u00e4nn\u00f6nl\u00e4heist\u00e4 harjoitusta Testiryhm\u00e4 toteutetaan suljetussa Facebook-ryhm\u00e4ss\u00e4. Osallistujan ei tarvitse jakaa omia vastauksia muulle ryhm\u00e4lle Facebook-ryhm\u00e4ss\u00e4. Testi asiakkaan hinta 35\u20ac, joka tulee olla maksettuna 15.2.2026 menness\u00e4. Kohderyhm\u00e4: sosiaali- ja terveysalan opiskelijat ja ammattilaiset, muut asiantuntijaty\u00f6t\u00e4 tekev\u00e4t ihmiset. Ilmoittaudu mukaan t\u00e4st\u00e4:<\/p>\n","protected":false},"author":1,"featured_media":13,"parent":0,"menu_order":0,"comment_status":"closed","ping_status":"closed","template":"","meta":{"footnotes":""},"class_list":["post-112","page","type-page","status-publish","has-post-thumbnail","hentry"],"_links":{"self":[{"href":"https:\/\/kasvunsiltavalmennus.fi\/index.php?rest_route=\/wp\/v2\/pages\/112","targetHints":{"allow":["GET"]}}],"collection":[{"href":"https:\/\/kasvunsiltavalmennus.fi\/index.php?rest_route=\/wp\/v2\/pages"}],"about":[{"href":"https:\/\/kasvunsiltavalmennus.fi\/index.php?rest_route=\/wp\/v2\/types\/page"}],"author":[{"embeddable":true,"href":"https:\/\/kasvunsiltavalmennus.fi\/index.php?rest_route=\/wp\/v2\/users\/1"}],"replies":[{"embeddable":true,"href":"https:\/\/kasvunsiltavalmennus.fi\/index.php?rest_route=%2Fwp%2Fv2%2Fcomments&post=112"}],"version-history":[{"count":4,"href":"https:\/\/kasvunsiltavalmennus.fi\/index.php?rest_route=\/wp\/v2\/pages\/112\/revisions"}],"predecessor-version":[{"id":121,"href":"https:\/\/kasvunsiltavalmennus.fi\/index.php?rest_route=\/wp\/v2\/pages\/112\/revisions\/121"}],"wp:featuredmedia":[{"embeddable":true,"href":"https:\/\/kasvunsiltavalmennus.fi\/index.php?rest_route=\/wp\/v2\/media\/13"}],"wp:attachment":[{"href":"https:\/\/kasvunsiltavalmennus.fi\/index.php?rest_route=%2Fwp%2Fv2%2Fmedia&parent=112"}],"curies":[{"name":"wp","href":"https:\/\/api.w.org\/{rel}","templated":true}]}}